{"id":3933,"date":"2022-03-17T18:32:42","date_gmt":"2022-03-17T17:32:42","guid":{"rendered":"https:\/\/dev.mathildegudefin.com\/contact\/"},"modified":"2025-12-30T12:39:47","modified_gmt":"2025-12-30T11:39:47","slug":"contact","status":"publish","type":"page","link":"https:\/\/mathildegudefin.com\/fr\/contact\/","title":{"rendered":"Contact"},"content":{"rendered":"<div class=\"fusion-fullwidth fullwidth-box fusion-builder-row-1 fusion-flex-container has-pattern-background has-mask-background nonhundred-percent-fullwidth non-hundred-percent-height-scrolling\" style=\"--awb-border-radius-top-left:0px;--awb-border-radius-top-right:0px;--awb-border-radius-bottom-right:0px;--awb-border-radius-bottom-left:0px;--awb-flex-wrap:wrap;\" ><div class=\"fusion-builder-row fusion-row fusion-flex-align-items-flex-start fusion-flex-justify-content-center fusion-flex-content-wrap\" style=\"max-width:1185.6px;margin-left: calc(-4% \/ 2 );margin-right: calc(-4% \/ 2 );\"><div class=\"fusion-layout-column fusion_builder_column fusion-builder-column-0 fusion_builder_column_1_2 1_2 fusion-flex-column\" style=\"--awb-bg-blend:overlay;--awb-bg-size:cover;--awb-width-large:50%;--awb-margin-top-large:0px;--awb-spacing-right-large:3.84%;--awb-margin-bottom-large:0px;--awb-spacing-left-large:3.84%;--awb-width-medium:50%;--awb-spacing-right-medium:3.84%;--awb-spacing-left-medium:3.84%;--awb-width-small:100%;--awb-spacing-right-small:1.92%;--awb-spacing-left-small:1.92%;\"><div class=\"fusion-column-wrapper fusion-flex-justify-content-flex-start fusion-content-layout-column\"><div class=\"fusion-image-element \" style=\"--awb-caption-title-font-family:var(--h2_typography-font-family);--awb-caption-title-font-weight:var(--h2_typography-font-weight);--awb-caption-title-font-style:var(--h2_typography-font-style);--awb-caption-title-size:var(--h2_typography-font-size);--awb-caption-title-transform:var(--h2_typography-text-transform);--awb-caption-title-line-height:var(--h2_typography-line-height);--awb-caption-title-letter-spacing:var(--h2_typography-letter-spacing);\"><span class=\" fusion-imageframe imageframe-none imageframe-1 hover-type-none\"><img decoding=\"async\" width=\"1707\" height=\"2560\" alt=\"Photo: Philipp Obkircher\" title=\"Photo: Philipp Obkircher\" src=\"https:\/\/dev.mathildegudefin.com\/wp-content\/uploads\/2025\/12\/Lichtenrader_Mathilde-Gudefin-Interiors\u00a9PhilippObkircher_kitchen-detail-min-scaled-1.jpg\" class=\"img-responsive wp-image-3934\" srcset=\"https:\/\/mathildegudefin.com\/wp-content\/uploads\/2025\/12\/Lichtenrader_Mathilde-Gudefin-Interiors\u00a9PhilippObkircher_kitchen-detail-min-scaled-1-200x300.jpg 200w, https:\/\/mathildegudefin.com\/wp-content\/uploads\/2025\/12\/Lichtenrader_Mathilde-Gudefin-Interiors\u00a9PhilippObkircher_kitchen-detail-min-scaled-1-400x600.jpg 400w, https:\/\/mathildegudefin.com\/wp-content\/uploads\/2025\/12\/Lichtenrader_Mathilde-Gudefin-Interiors\u00a9PhilippObkircher_kitchen-detail-min-scaled-1-600x900.jpg 600w, https:\/\/mathildegudefin.com\/wp-content\/uploads\/2025\/12\/Lichtenrader_Mathilde-Gudefin-Interiors\u00a9PhilippObkircher_kitchen-detail-min-scaled-1-800x1200.jpg 800w, https:\/\/mathildegudefin.com\/wp-content\/uploads\/2025\/12\/Lichtenrader_Mathilde-Gudefin-Interiors\u00a9PhilippObkircher_kitchen-detail-min-scaled-1-1200x1800.jpg 1200w, https:\/\/mathildegudefin.com\/wp-content\/uploads\/2025\/12\/Lichtenrader_Mathilde-Gudefin-Interiors\u00a9PhilippObkircher_kitchen-detail-min-scaled-1.jpg 1707w\" sizes=\"(max-width: 767px) 100vw, 600px\" \/><\/span><\/div><\/div><\/div><div class=\"fusion-layout-column fusion_builder_column fusion-builder-column-1 fusion_builder_column_1_2 1_2 fusion-flex-column\" style=\"--awb-bg-blend:overlay;--awb-bg-size:cover;--awb-width-large:50%;--awb-margin-top-large:0px;--awb-spacing-right-large:3.84%;--awb-margin-bottom-large:0px;--awb-spacing-left-large:3.84%;--awb-width-medium:50%;--awb-spacing-right-medium:3.84%;--awb-spacing-left-medium:3.84%;--awb-width-small:100%;--awb-spacing-right-small:1.92%;--awb-spacing-left-small:1.92%;\"><div class=\"fusion-column-wrapper fusion-flex-justify-content-flex-start fusion-content-layout-column\"><div class=\"fusion-form fusion-form-builder fusion-form-form-wrapper fusion-form-3931\" style=\"--awb-tooltip-text-color:#ffffff;--awb-tooltip-background-color:#333333;\" data-form-id=\"3931\" data-config=\"{&quot;form_id&quot;:3931,&quot;form_post_id&quot;:3931,&quot;post_id&quot;:3933,&quot;form_type&quot;:&quot;ajax&quot;,&quot;confirmation_type&quot;:&quot;message&quot;,&quot;redirect_url&quot;:&quot;&quot;,&quot;redirect_timeout&quot;:&quot;0&quot;,&quot;field_labels&quot;:{&quot;name&quot;:&quot;Nom&quot;,&quot;email&quot;:&quot;E-mail&quot;,&quot;phone_number&quot;:&quot;Num\\u00e9ro de t\\u00e9l\\u00e9phone&quot;,&quot;subject&quot;:&quot;Objet&quot;,&quot;message&quot;:&quot;Message&quot;,&quot;consent&quot;:&quot;&quot;},&quot;field_logics&quot;:{&quot;name&quot;:&quot;&quot;,&quot;email&quot;:&quot;&quot;,&quot;phone_number&quot;:&quot;&quot;,&quot;subject&quot;:&quot;&quot;,&quot;message&quot;:&quot;&quot;,&quot;consent&quot;:&quot;&quot;,&quot;submit_1&quot;:&quot;&quot;,&quot;notice_1&quot;:&quot;&quot;},&quot;field_types&quot;:{&quot;hypot_field&quot;:&quot;honeypot&quot;,&quot;name&quot;:&quot;text&quot;,&quot;email&quot;:&quot;email&quot;,&quot;phone_number&quot;:&quot;phone_number&quot;,&quot;subject&quot;:&quot;text&quot;,&quot;message&quot;:&quot;textarea&quot;,&quot;consent&quot;:&quot;consent&quot;,&quot;submit_1&quot;:&quot;submit&quot;,&quot;notice_1&quot;:&quot;notice&quot;},&quot;nonce_method&quot;:&quot;ajax&quot;,&quot;form_views&quot;:&quot;&quot;,&quot;form_views_counting&quot;:&quot;&quot;}\"><form action=\"https:\/\/mathildegudefin.com\/fr\/contact\/\" method=\"post\" class=\"fusion-form fusion-form-3931\"><div class=\"fusion-fullwidth fullwidth-box fusion-builder-row-1-1 fusion-flex-container has-pattern-background has-mask-background nonhundred-percent-fullwidth non-hundred-percent-height-scrolling\" style=\"--awb-border-radius-top-left:0px;--awb-border-radius-top-right:0px;--awb-border-radius-bottom-right:0px;--awb-border-radius-bottom-left:0px;--awb-flex-wrap:wrap;\" ><div class=\"fusion-builder-row fusion-row fusion-flex-align-items-flex-start fusion-flex-content-wrap\" style=\"width:104% !important;max-width:104% !important;margin-left: calc(-4% \/ 2 );margin-right: calc(-4% \/ 2 );\"><div class=\"fusion-layout-column fusion_builder_column fusion-builder-column-2 fusion_builder_column_1_1 1_1 fusion-flex-column\" style=\"--awb-bg-size:cover;--awb-width-large:100%;--awb-flex-grow:0;--awb-flex-shrink:0;--awb-margin-top-large:0px;--awb-spacing-right-large:1.92%;--awb-margin-bottom-large:20px;--awb-spacing-left-large:1.92%;--awb-width-medium:100%;--awb-order-medium:0;--awb-flex-grow-medium:0;--awb-flex-shrink-medium:0;--awb-spacing-right-medium:1.92%;--awb-spacing-left-medium:1.92%;--awb-width-small:100%;--awb-order-small:0;--awb-flex-grow-small:0;--awb-flex-shrink-small:0;--awb-spacing-right-small:1.92%;--awb-spacing-left-small:1.92%;\"><div class=\"fusion-column-wrapper fusion-column-has-shadow fusion-flex-justify-content-flex-start fusion-content-layout-column\"><div class=\"fusion-form-field fusion-form-honeypot-field fusion-form-label-above\" style=\"\" data-form-id=\"3931\"><input type=\"hidden\" tabindex=\"-1\" name=\"hypot_field\" class=\"fusion-form-input\" autocomplete=\"hypot-69d8dd0856dc1\" aria-hidden=\"true\" data-fusion-is-honeypot=\"true\"><\/div><div class=\"fusion-form-field fusion-form-text-field fusion-form-label-above\" style=\"\" data-form-id=\"3931\"><div class=\"fusion-form-label-wrapper\"><label for=\"name\">Nom<\/label><\/div><input type=\"text\" autocomplete=\"off\" name=\"name\" id=\"name\" value=\"\"  class=\"fusion-form-input\" data-holds-private-data=\"false\" minlength=\"0\"\/><\/div><div class=\"fusion-form-field fusion-form-email-field fusion-form-label-above\" style=\"\" data-form-id=\"3931\"><div class=\"fusion-form-label-wrapper\"><label for=\"email\">E-mail <abbr class=\"fusion-form-element-required\" title=\"required\">*<\/abbr><\/label><\/div><input type=\"email\" autocomplete=\"off\"  pattern=\"^[A-Za-z0-9._%+-]+@[A-Za-z0-9.-]+\\.[A-Za-z]{2,}$\" name=\"email\" id=\"email\" value=\"\"  class=\"fusion-form-input\" required=\"true\" aria-required=\"true\" data-holds-private-data=\"false\"\/><\/div><div class=\"fusion-form-field fusion-form-phone-number-field fusion-form-label-above\" style=\"\" data-form-id=\"3931\"><div class=\"fusion-form-label-wrapper\"><label for=\"phone_number\">Num\u00e9ro de t\u00e9l\u00e9phone<\/label><\/div><input type=\"tel\" autocomplete=\"off\" name=\"phone_number\" id=\"phone_number\" value=\"\"  class=\"fusion-form-input\" data-holds-private-data=\"false\"\/><\/div><div class=\"fusion-form-field fusion-form-text-field fusion-form-label-above\" style=\"\" data-form-id=\"3931\"><div class=\"fusion-form-label-wrapper\"><label for=\"subject\">Objet<\/label><\/div><input type=\"text\" autocomplete=\"off\" name=\"subject\" id=\"subject\" value=\"\"  class=\"fusion-form-input\" data-holds-private-data=\"false\" minlength=\"0\"\/><\/div><div class=\"fusion-form-field fusion-form-textarea-field fusion-form-label-above\" style=\"\" data-form-id=\"3931\"><label for=\"message\">Message<\/label><textarea cols=\"40\" autocomplete=\"off\"  minlength=\"0\"  rows=\"10\" tabindex=\"\" id=\"message\" name=\"message\" class=\"fusion-form-input\" placeholder=\"Veuillez nous parler de votre projet (p\u00e9rim\u00e8tre, calendrier, lieu). \" data-holds-private-data=\"false\"><\/textarea><\/div><div class=\"fusion-form-field fusion-form-consent-field fusion-form-label-above\" style=\"\" data-form-id=\"3931\"><div class=\"fusion-form-checkbox option-inline\"><input tabindex=\"\" id=\"consent\" type=\"checkbox\" value=\"1\" name=\"consent\" class=\"fusion-form-input\" required=\"true\" aria-required=\"true\"\/><label for=\"consent\">J'ai lu et j'accepte <a href=\"https:\/\/dev.mathildegudefin.com\/fr\/politique-de-confidentialite\/\" target=\"_blank\" rel=\"noopener\">la politique de protection des donn\u00e9es<\/a>.<\/label><\/div><\/div><div class=\"fusion-form-field fusion-form-submit-field fusion-form-label-above\" style=\"\" data-form-id=\"3931\"><div ><button type=\"submit\" class=\"fusion-button button-flat fusion-button-default-size button-default fusion-button-default button-1 fusion-button-default-span  button-default form-form-submit\" style=\"--button-border-radius-top-left:0;--button-border-radius-top-right:0;--button-border-radius-bottom-right:0;--button-border-radius-bottom-left:0;width:calc(100%);\" data-form-number=\"3931\" tabindex=\"\"><span class=\"fusion-button-text awb-button__text awb-button__text--default\">Envoyer<\/span><\/button><\/div><\/div><div class=\"form-submission-notices data-notice_1\" id=\"fusion-notices-1\"><div class=\"fusion-alert alert success alert-success fusion-alert-center fusion-form-response fusion-form-response-success awb-alert-native-link-color alert-dismissable awb-alert-close-boxed\" role=\"alert\"><div class=\"fusion-alert-content-wrapper\"><span class=\"alert-icon\"><i class=\"awb-icon-check-circle\" aria-hidden=\"true\"><\/i><\/span><span class=\"fusion-alert-content\">Merci ! Votre message a bien \u00e9t\u00e9 envoy\u00e9.<\/span><\/div><button type=\"button\" class=\"close toggle-alert\" data-dismiss=\"alert\" aria-label=\"Close\">&times;<\/button><\/div><div class=\"fusion-alert alert error alert-danger fusion-alert-center fusion-form-response fusion-form-response-error awb-alert-native-link-color alert-dismissable awb-alert-close-boxed\" role=\"alert\"><div class=\"fusion-alert-content-wrapper\"><span class=\"alert-icon\"><i class=\"awb-icon-exclamation-triangle\" aria-hidden=\"true\"><\/i><\/span><span class=\"fusion-alert-content\">D\u00e9sol\u00e9, une erreur s'est produite. Merci de r\u00e9essayer dans quelques instants.<\/span><\/div><button type=\"button\" class=\"close toggle-alert\" data-dismiss=\"alert\" aria-label=\"Close\">&times;<\/button><\/div><\/div><\/div><\/div><\/div><\/div><input type=\"hidden\" name=\"fusion_privacy_store_ip_ua\" value=\"false\"><input type=\"hidden\" name=\"fusion_privacy_expiration_interval\" value=\"48\"><input type=\"hidden\" name=\"privacy_expiration_action\" value=\"anonymize\"><\/form><\/div><\/div><\/div><\/div><\/div>\n","protected":false},"excerpt":{"rendered":"","protected":false},"author":1,"featured_media":0,"parent":0,"menu_order":0,"comment_status":"closed","ping_status":"closed","template":"100-width.php","meta":{"_acf_changed":false,"footnotes":""},"class_list":["post-3933","page","type-page","status-publish","hentry"],"acf":[],"yoast_head":"<!-- This site is optimized with the Yoast SEO plugin v26.9 - https:\/\/yoast.com\/product\/yoast-seo-wordpress\/ -->\n<title>Contact - Mathilde Gudefin<\/title>\n<meta name=\"robots\" content=\"index, follow, max-snippet:-1, max-image-preview:large, max-video-preview:-1\" \/>\n<link rel=\"canonical\" href=\"https:\/\/mathildegudefin.com\/fr\/contact\/\" \/>\n<meta property=\"og:locale\" content=\"fr_FR\" \/>\n<meta property=\"og:type\" content=\"article\" \/>\n<meta property=\"og:title\" content=\"Contact - Mathilde Gudefin\" \/>\n<meta property=\"og:url\" content=\"https:\/\/mathildegudefin.com\/fr\/contact\/\" \/>\n<meta property=\"og:site_name\" content=\"Mathilde Gudefin\" \/>\n<meta property=\"article:modified_time\" content=\"2025-12-30T11:39:47+00:00\" \/>\n<meta name=\"twitter:card\" content=\"summary_large_image\" \/>\n<meta name=\"twitter:label1\" content=\"Dur\u00e9e de lecture estim\u00e9e\" \/>\n\t<meta name=\"twitter:data1\" content=\"1 minute\" \/>\n<script type=\"application\/ld+json\" class=\"yoast-schema-graph\">{\"@context\":\"https:\/\/schema.org\",\"@graph\":[{\"@type\":\"WebPage\",\"@id\":\"https:\/\/mathildegudefin.com\/fr\/contact\/\",\"url\":\"https:\/\/mathildegudefin.com\/fr\/contact\/\",\"name\":\"Contact - Mathilde Gudefin\",\"isPartOf\":{\"@id\":\"https:\/\/mathildegudefin.com\/fr\/#website\"},\"datePublished\":\"2022-03-17T17:32:42+00:00\",\"dateModified\":\"2025-12-30T11:39:47+00:00\",\"breadcrumb\":{\"@id\":\"https:\/\/mathildegudefin.com\/fr\/contact\/#breadcrumb\"},\"inLanguage\":\"fr-FR\",\"potentialAction\":[{\"@type\":\"ReadAction\",\"target\":[\"https:\/\/mathildegudefin.com\/fr\/contact\/\"]}]},{\"@type\":\"BreadcrumbList\",\"@id\":\"https:\/\/mathildegudefin.com\/fr\/contact\/#breadcrumb\",\"itemListElement\":[{\"@type\":\"ListItem\",\"position\":1,\"name\":\"Start\",\"item\":\"https:\/\/mathildegudefin.com\/fr\/homepage-gr\/\"},{\"@type\":\"ListItem\",\"position\":2,\"name\":\"Contact\"}]},{\"@type\":\"WebSite\",\"@id\":\"https:\/\/mathildegudefin.com\/fr\/#website\",\"url\":\"https:\/\/mathildegudefin.com\/fr\/\",\"name\":\"Mathilde Gudefin, Interior Design , Berlin\",\"description\":\"\",\"publisher\":{\"@id\":\"https:\/\/mathildegudefin.com\/fr\/#\/schema\/person\/0afe3265ef2090f539fcf1d1f67a62cd\"},\"potentialAction\":[{\"@type\":\"SearchAction\",\"target\":{\"@type\":\"EntryPoint\",\"urlTemplate\":\"https:\/\/mathildegudefin.com\/fr\/?s={search_term_string}\"},\"query-input\":{\"@type\":\"PropertyValueSpecification\",\"valueRequired\":true,\"valueName\":\"search_term_string\"}}],\"inLanguage\":\"fr-FR\"},{\"@type\":[\"Person\",\"Organization\"],\"@id\":\"https:\/\/mathildegudefin.com\/fr\/#\/schema\/person\/0afe3265ef2090f539fcf1d1f67a62cd\",\"name\":\"Interior Design Berlin\",\"logo\":{\"@id\":\"https:\/\/mathildegudefin.com\/fr\/#\/schema\/person\/image\/\"},\"sameAs\":[\"https:\/\/dev.mathildegudefin.com\"]}]}<\/script>\n<!-- \/ Yoast SEO plugin. -->","yoast_head_json":{"title":"Contact - Mathilde Gudefin","robots":{"index":"index","follow":"follow","max-snippet":"max-snippet:-1","max-image-preview":"max-image-preview:large","max-video-preview":"max-video-preview:-1"},"canonical":"https:\/\/mathildegudefin.com\/fr\/contact\/","og_locale":"fr_FR","og_type":"article","og_title":"Contact - Mathilde Gudefin","og_url":"https:\/\/mathildegudefin.com\/fr\/contact\/","og_site_name":"Mathilde Gudefin","article_modified_time":"2025-12-30T11:39:47+00:00","twitter_card":"summary_large_image","twitter_misc":{"Dur\u00e9e de lecture estim\u00e9e":"1 minute"},"schema":{"@context":"https:\/\/schema.org","@graph":[{"@type":"WebPage","@id":"https:\/\/mathildegudefin.com\/fr\/contact\/","url":"https:\/\/mathildegudefin.com\/fr\/contact\/","name":"Contact - Mathilde Gudefin","isPartOf":{"@id":"https:\/\/mathildegudefin.com\/fr\/#website"},"datePublished":"2022-03-17T17:32:42+00:00","dateModified":"2025-12-30T11:39:47+00:00","breadcrumb":{"@id":"https:\/\/mathildegudefin.com\/fr\/contact\/#breadcrumb"},"inLanguage":"fr-FR","potentialAction":[{"@type":"ReadAction","target":["https:\/\/mathildegudefin.com\/fr\/contact\/"]}]},{"@type":"BreadcrumbList","@id":"https:\/\/mathildegudefin.com\/fr\/contact\/#breadcrumb","itemListElement":[{"@type":"ListItem","position":1,"name":"Start","item":"https:\/\/mathildegudefin.com\/fr\/homepage-gr\/"},{"@type":"ListItem","position":2,"name":"Contact"}]},{"@type":"WebSite","@id":"https:\/\/mathildegudefin.com\/fr\/#website","url":"https:\/\/mathildegudefin.com\/fr\/","name":"Mathilde Gudefin, Interior Design , Berlin","description":"","publisher":{"@id":"https:\/\/mathildegudefin.com\/fr\/#\/schema\/person\/0afe3265ef2090f539fcf1d1f67a62cd"},"potentialAction":[{"@type":"SearchAction","target":{"@type":"EntryPoint","urlTemplate":"https:\/\/mathildegudefin.com\/fr\/?s={search_term_string}"},"query-input":{"@type":"PropertyValueSpecification","valueRequired":true,"valueName":"search_term_string"}}],"inLanguage":"fr-FR"},{"@type":["Person","Organization"],"@id":"https:\/\/mathildegudefin.com\/fr\/#\/schema\/person\/0afe3265ef2090f539fcf1d1f67a62cd","name":"Interior Design Berlin","logo":{"@id":"https:\/\/mathildegudefin.com\/fr\/#\/schema\/person\/image\/"},"sameAs":["https:\/\/dev.mathildegudefin.com"]}]}},"_links":{"self":[{"href":"https:\/\/mathildegudefin.com\/fr\/wp-json\/wp\/v2\/pages\/3933","targetHints":{"allow":["GET"]}}],"collection":[{"href":"https:\/\/mathildegudefin.com\/fr\/wp-json\/wp\/v2\/pages"}],"about":[{"href":"https:\/\/mathildegudefin.com\/fr\/wp-json\/wp\/v2\/types\/page"}],"author":[{"embeddable":true,"href":"https:\/\/mathildegudefin.com\/fr\/wp-json\/wp\/v2\/users\/1"}],"replies":[{"embeddable":true,"href":"https:\/\/mathildegudefin.com\/fr\/wp-json\/wp\/v2\/comments?post=3933"}],"version-history":[{"count":8,"href":"https:\/\/mathildegudefin.com\/fr\/wp-json\/wp\/v2\/pages\/3933\/revisions"}],"predecessor-version":[{"id":3950,"href":"https:\/\/mathildegudefin.com\/fr\/wp-json\/wp\/v2\/pages\/3933\/revisions\/3950"}],"wp:attachment":[{"href":"https:\/\/mathildegudefin.com\/fr\/wp-json\/wp\/v2\/media?parent=3933"}],"curies":[{"name":"wp","href":"https:\/\/api.w.org\/{rel}","templated":true}]}}