{"id":3330,"date":"2022-03-17T21:23:56","date_gmt":"2022-03-17T20:23:56","guid":{"rendered":"https:\/\/dev.mathildegudefin.com\/a-propos-de-mathilde-gudefin\/"},"modified":"2026-01-20T03:16:27","modified_gmt":"2026-01-20T02:16:27","slug":"a-propos-de-mathilde-gudefin","status":"publish","type":"page","link":"https:\/\/mathildegudefin.com\/fr\/a-propos-de-mathilde-gudefin\/","title":{"rendered":"Mathilde Gudefin"},"content":{"rendered":"<p><div class=\"fusion-fullwidth fullwidth-box fusion-builder-row-1 fusion-flex-container nonhundred-percent-fullwidth non-hundred-percent-height-scrolling\" style=\"--awb-border-radius-top-left:0px;--awb-border-radius-top-right:0px;--awb-border-radius-bottom-right:0px;--awb-border-radius-bottom-left:0px;--awb-flex-wrap:wrap;\" ><div class=\"fusion-builder-row fusion-row fusion-flex-align-items-flex-start fusion-flex-content-wrap\" style=\"max-width:1185.6px;margin-left: calc(-4% \/ 2 );margin-right: calc(-4% \/ 2 );\"><div class=\"fusion-layout-column fusion_builder_column fusion-builder-column-0 fusion_builder_column_1_2 1_2 fusion-flex-column fusion-flex-align-self-flex-start\" style=\"--awb-bg-blend:overlay;--awb-bg-size:cover;--awb-width-large:50%;--awb-margin-top-large:0px;--awb-spacing-right-large:3.84%;--awb-margin-bottom-large:0px;--awb-spacing-left-large:3.84%;--awb-width-medium:50%;--awb-spacing-right-medium:3.84%;--awb-spacing-left-medium:3.84%;--awb-width-small:100%;--awb-spacing-right-small:1.92%;--awb-spacing-left-small:1.92%;\"><div class=\"fusion-column-wrapper fusion-flex-justify-content-flex-start fusion-content-layout-column\"><div class=\"fusion-image-element \" style=\"--awb-caption-title-font-family:var(--h2_typography-font-family);--awb-caption-title-font-weight:var(--h2_typography-font-weight);--awb-caption-title-font-style:var(--h2_typography-font-style);--awb-caption-title-size:var(--h2_typography-font-size);--awb-caption-title-transform:var(--h2_typography-text-transform);--awb-caption-title-line-height:var(--h2_typography-line-height);--awb-caption-title-letter-spacing:var(--h2_typography-letter-spacing);\"><span class=\" fusion-imageframe imageframe-none imageframe-1 hover-type-none\"><img decoding=\"async\" width=\"709\" height=\"517\" title=\"Picture_Mathilde Gudefin Interiors\u00a9-min\" src=\"https:\/\/mathildegudefin.com\/wp-content\/uploads\/2022\/04\/Picture_Mathilde-Gudefin-Interiors\u00a9-min.jpg\" alt class=\"img-responsive wp-image-3331\" srcset=\"https:\/\/mathildegudefin.com\/wp-content\/uploads\/2022\/04\/Picture_Mathilde-Gudefin-Interiors\u00a9-min-200x146.jpg 200w, https:\/\/mathildegudefin.com\/wp-content\/uploads\/2022\/04\/Picture_Mathilde-Gudefin-Interiors\u00a9-min-400x292.jpg 400w, https:\/\/mathildegudefin.com\/wp-content\/uploads\/2022\/04\/Picture_Mathilde-Gudefin-Interiors\u00a9-min-600x438.jpg 600w, https:\/\/mathildegudefin.com\/wp-content\/uploads\/2022\/04\/Picture_Mathilde-Gudefin-Interiors\u00a9-min.jpg 709w\" sizes=\"(max-width: 767px) 100vw, 600px\" \/><\/span><\/div><\/div><\/div><div class=\"fusion-layout-column fusion_builder_column fusion-builder-column-1 fusion_builder_column_1_2 1_2 fusion-flex-column\" style=\"--awb-bg-blend:overlay;--awb-bg-size:cover;--awb-width-large:50%;--awb-margin-top-large:0px;--awb-spacing-right-large:3.84%;--awb-margin-bottom-large:0px;--awb-spacing-left-large:3.84%;--awb-width-medium:50%;--awb-spacing-right-medium:3.84%;--awb-spacing-left-medium:3.84%;--awb-width-small:100%;--awb-spacing-right-small:1.92%;--awb-spacing-left-small:1.92%;\"><div class=\"fusion-column-wrapper fusion-flex-justify-content-flex-start fusion-content-layout-column\"><div class=\"fusion-title title fusion-title-1 fusion-sep-none fusion-title-text fusion-title-size-two\"><h2 class=\"fusion-title-heading title-heading-left fusion-responsive-typography-calculated\" style=\"margin:0;--fontSize:24;line-height:1.2;\">Parcours<\/h2><\/div><div class=\"fusion-text fusion-text-1\"><p>Dipl\u00f4m\u00e9e de l&rsquo;<a href=\"https:\/\/ecole-boulle.org\" target=\"_blank\" rel=\"noopener\">\u00c9cole Boulle <\/a>en <strong>architecture d&rsquo;int\u00e9rieur<\/strong>, Mathilde Gudefin a d\u00e9but\u00e9 au sein de l&rsquo;agence <a href=\"http:\/\/www.jeanphilippenuel.com\" target=\"_blank\" rel=\"noopener\">Jean-Philippe Nuel\u2019s studio<\/a>, sp\u00e9cialis\u00e9e dans les h\u00f4tels de luxe et la pr\u00e9cision du d\u00e9tail.<\/p>\n<p>Depuis 2013, elle imagine et r\u00e9alise des projets entre Paris et Berlin. Install\u00e9e \u00e0 Berlin depuis 2014, elle exerce en ind\u00e9pendante et cofonde <strong>M S Studio Berlin<\/strong> en 2017. <\/p>\n<p>Avec <a href=\"https:\/\/www.salomewackernagel.eu\" target=\"_blank\" rel=\"noopener\">Salom\u00e9 Wackernagel <\/a>elle a remport\u00e9 le <strong>National Award of Interior Design<\/strong> \u2013 <a href=\"https:\/\/www.mallorcadesignday.es\/2021\/09\/25\/carolina-galvis-premio-balear-de-moda-de-la-iii-edicion-de-mallorca-design-day\/\" target=\"_blank\" rel=\"noopener\">Mallorca Design Day 2021<\/a>.<\/p>\n<\/div><\/div><\/div><\/div><\/div><div class=\"fusion-fullwidth fullwidth-box fusion-builder-row-2 fusion-flex-container has-pattern-background has-mask-background nonhundred-percent-fullwidth non-hundred-percent-height-scrolling\" style=\"--awb-border-radius-top-left:0px;--awb-border-radius-top-right:0px;--awb-border-radius-bottom-right:0px;--awb-border-radius-bottom-left:0px;--awb-flex-wrap:wrap;\" ><div class=\"fusion-builder-row fusion-row fusion-flex-align-items-flex-start fusion-flex-justify-content-center fusion-flex-content-wrap\" style=\"max-width:1185.6px;margin-left: calc(-4% \/ 2 );margin-right: calc(-4% \/ 2 );\"><div class=\"fusion-layout-column fusion_builder_column fusion-builder-column-2 fusion_builder_column_1_2 1_2 fusion-flex-column fusion-flex-align-self-flex-start\" style=\"--awb-bg-size:cover;--awb-width-large:50%;--awb-margin-top-large:0px;--awb-spacing-right-large:3.84%;--awb-margin-bottom-large:20px;--awb-spacing-left-large:3.84%;--awb-width-medium:50%;--awb-order-medium:0;--awb-spacing-right-medium:3.84%;--awb-spacing-left-medium:3.84%;--awb-width-small:100%;--awb-order-small:0;--awb-spacing-right-small:1.92%;--awb-spacing-left-small:1.92%;\"><div class=\"fusion-column-wrapper fusion-column-has-shadow fusion-flex-justify-content-center fusion-content-layout-column\"><div class=\"fusion-separator\" style=\"align-self: center;margin-left: auto;margin-right: auto;margin-top:75px;margin-bottom:75px;width:100%;max-width:25vw;\"><div class=\"fusion-separator-border sep-single sep-solid\" style=\"--awb-height:20px;--awb-amount:20px;--awb-sep-color:var(--awb-color6);border-color:var(--awb-color6);border-top-width:1px;\"><\/div><\/div><div class=\"fusion-image-element \" style=\"text-align:center;--awb-max-width:80px;--awb-caption-title-font-family:var(--h2_typography-font-family);--awb-caption-title-font-weight:var(--h2_typography-font-weight);--awb-caption-title-font-style:var(--h2_typography-font-style);--awb-caption-title-size:var(--h2_typography-font-size);--awb-caption-title-transform:var(--h2_typography-text-transform);--awb-caption-title-line-height:var(--h2_typography-line-height);--awb-caption-title-letter-spacing:var(--h2_typography-letter-spacing);\"><span class=\" fusion-imageframe imageframe-none imageframe-2 hover-type-none\"><img decoding=\"async\" width=\"446\" height=\"848\" title=\"ecole-boulle\" src=\"https:\/\/mathildegudefin.com\/wp-content\/uploads\/2025\/12\/ecole-boulle.jpg\" alt class=\"img-responsive wp-image-3603\" srcset=\"https:\/\/mathildegudefin.com\/wp-content\/uploads\/2025\/12\/ecole-boulle-200x380.jpg 200w, https:\/\/mathildegudefin.com\/wp-content\/uploads\/2025\/12\/ecole-boulle-400x761.jpg 400w, https:\/\/mathildegudefin.com\/wp-content\/uploads\/2025\/12\/ecole-boulle.jpg 446w\" sizes=\"(max-width: 767px) 100vw, 446px\" \/><\/span><\/div><div class=\"fusion-separator\" style=\"align-self: center;margin-left: auto;margin-right: auto;margin-top:75px;margin-bottom:50px;width:100%;max-width:25vw;\"><div class=\"fusion-separator-border sep-single sep-solid\" style=\"--awb-height:20px;--awb-amount:20px;--awb-sep-color:var(--awb-color6);border-color:var(--awb-color6);border-top-width:1px;\"><\/div><\/div><div class=\"fusion-title title fusion-title-2 fusion-sep-none fusion-title-center fusion-title-text fusion-title-size-two\"><h2 class=\"fusion-title-heading title-heading-center fusion-responsive-typography-calculated\" style=\"margin:0;--fontSize:24;line-height:1.2;\">Philosophie &amp; m\u00e9thode<\/h2><\/div><div class=\"fusion-text fusion-text-2\" style=\"--awb-content-alignment:center;\"><p>Avec plus de 13 ans d\u2019exp\u00e9rience en r\u00e9novation, design d\u2019int\u00e9rieur et transformation d\u2019espace.<br \/>Chaque projet est envisag\u00e9 comme un univers singulier, con\u00e7u en dialogue avec les clients et l\u2019identit\u00e9 du lieu.<br \/>Objectif : cr\u00e9er des espaces \u00e9l\u00e9gants, durables, lumineux, qui am\u00e9liorent la vie quotidienne et refl\u00e8tent la personnalit\u00e9 de leurs occupants. <\/p>\n<p>&nbsp;<\/p>\n<\/div><div class=\"fusion-separator\" style=\"align-self: center;margin-left: auto;margin-right: auto;margin-top:75px;margin-bottom:75px;width:100%;max-width:25vw;\"><div class=\"fusion-separator-border sep-single sep-solid\" style=\"--awb-height:20px;--awb-amount:20px;--awb-sep-color:var(--awb-color6);border-color:var(--awb-color6);border-top-width:1px;\"><\/div><\/div><div class=\"fusion-image-element \" style=\"text-align:center;--awb-max-width:120px;--awb-caption-title-font-family:var(--h2_typography-font-family);--awb-caption-title-font-weight:var(--h2_typography-font-weight);--awb-caption-title-font-style:var(--h2_typography-font-style);--awb-caption-title-size:var(--h2_typography-font-size);--awb-caption-title-transform:var(--h2_typography-text-transform);--awb-caption-title-line-height:var(--h2_typography-line-height);--awb-caption-title-letter-spacing:var(--h2_typography-letter-spacing);\"><span class=\" fusion-imageframe imageframe-none imageframe-3 hover-type-none\"><img decoding=\"async\" width=\"180\" height=\"180\" title=\"cfai\" src=\"https:\/\/mathildegudefin.com\/wp-content\/uploads\/2025\/12\/cfai.jpg\" alt class=\"img-responsive wp-image-3604\" srcset=\"https:\/\/mathildegudefin.com\/wp-content\/uploads\/2025\/12\/cfai-66x66.jpg 66w, https:\/\/mathildegudefin.com\/wp-content\/uploads\/2025\/12\/cfai-150x150.jpg 150w, https:\/\/mathildegudefin.com\/wp-content\/uploads\/2025\/12\/cfai.jpg 180w\" sizes=\"(max-width: 180px) 100vw, 180px\" \/><\/span><\/div><div class=\"fusion-separator\" style=\"align-self: center;margin-left: auto;margin-right: auto;margin-top:75px;margin-bottom:50px;width:100%;max-width:25vw;\"><div class=\"fusion-separator-border sep-single sep-solid\" style=\"--awb-height:20px;--awb-amount:20px;--awb-sep-color:var(--awb-color6);border-color:var(--awb-color6);border-top-width:1px;\"><\/div><\/div><div class=\"fusion-title title fusion-title-3 fusion-sep-none fusion-title-center fusion-title-text fusion-title-size-two\"><h2 class=\"fusion-title-heading title-heading-center fusion-responsive-typography-calculated\" style=\"margin:0;--fontSize:24;line-height:1.2;\">Prix<\/h2><\/div><div class=\"fusion-text fusion-text-3\" style=\"--awb-content-alignment:center;\"><p><span style=\"letter-spacing: 0.24px; background-color: rgba(0, 0, 0, 0);\">National Award of <\/span><strong style=\"letter-spacing: 0.24px; background-color: rgba(0, 0, 0, 0);\">Interior Design<\/strong><span style=\"letter-spacing: 0.24px; background-color: rgba(0, 0, 0, 0);\"> for the <\/span><a style=\"letter-spacing: 0.24px; background-color: rgba(0, 0, 0, 0);\" href=\"https:\/\/www.mallorcadesignday.es\/2021\/09\/25\/carolina-galvis-premio-balear-de-moda-de-la-iii-edicion-de-mallorca-design-day\/\" target=\"_blank\" rel=\"noopener\">Mallorca Design Day<\/a><span style=\"letter-spacing: 0.24px; background-color: rgba(0, 0, 0, 0);\"> with the project La Marinella, September 2021<\/span><\/p>\n<p>Award Espoirs de la Cr\u00e9ation by <a href=\"https:\/\/www.comitecolbert.com\/\" target=\"_blank\" rel=\"noopener\">Comit\u00e9 Colbert<\/a> for <a href=\"https:\/\/france.yvesdelorme.com\/\" target=\"_blank\" rel=\"noopener\">Yves Delorme<\/a>, 2008<\/p>\n<p>&nbsp;<\/p>\n<\/div><\/div><\/div><div class=\"fusion-layout-column fusion_builder_column fusion-builder-column-3 fusion_builder_column_2_3 2_3 fusion-flex-column\" style=\"--awb-padding-top:2px;--awb-padding-bottom:2px;--awb-bg-size:cover;--awb-width-large:66.666666666667%;--awb-margin-top-large:0px;--awb-spacing-right-large:2.88%;--awb-margin-bottom-large:20px;--awb-spacing-left-large:2.88%;--awb-width-medium:66.666666666667%;--awb-order-medium:0;--awb-spacing-right-medium:2.88%;--awb-spacing-left-medium:2.88%;--awb-width-small:100%;--awb-order-small:0;--awb-spacing-right-small:1.92%;--awb-spacing-left-small:1.92%;\" data-scroll-devices=\"small-visibility,medium-visibility,large-visibility\"><div class=\"fusion-column-wrapper fusion-column-has-shadow fusion-flex-justify-content-flex-start fusion-content-layout-column\"><div class=\"fusion-video fusion-selfhosted-video mg-video\" style=\"max-width:1920;\"><div class=\"video-wrapper\" style=\"border-radius:25px 25px 25px 25px;\"><video playsinline=\"true\" width=\"100%\" style=\"object-fit: cover;\" muted=\"true\" loop=\"true\" poster=\"https:\/\/mathildegudefin.com\/wp-content\/uploads\/2026\/01\/mg-studio-la-marinella-1920x800_pi.jpg\" preload=\"auto\" controls=\"1\"><source src=\"https:\/\/mathildegudefin.com\/wp-content\/uploads\/video\/mg-studio-la-marinella-1920x800.mp4\" type=\"video\/mp4\">Sorry, your browser doesn&#039;t support embedded videos.<\/video><\/div><\/div><\/div><\/div><\/div><\/div><\/p>\n","protected":false},"excerpt":{"rendered":"","protected":false},"author":1,"featured_media":0,"parent":0,"menu_order":0,"comment_status":"closed","ping_status":"closed","template":"","meta":{"_acf_changed":false,"footnotes":""},"class_list":["post-3330","page","type-page","status-publish","hentry"],"acf":[],"yoast_head":"<!-- This site is optimized with the Yoast SEO plugin v26.9 - https:\/\/yoast.com\/product\/yoast-seo-wordpress\/ -->\n<title>Mathilde Gudefin<\/title>\n<meta name=\"description\" content=\"Architecte d&#039;int\u00e9rieur form\u00e9e \u00e0 l&#039;\u00c9cole Boulle, travaillant \u00e0 Berlin. Travaux prim\u00e9s et plus de 13 ans d&#039;expertise dans le domaine de la r\u00e9novation durable.\" \/>\n<meta name=\"robots\" content=\"index, follow, max-snippet:-1, max-image-preview:large, max-video-preview:-1\" \/>\n<link rel=\"canonical\" href=\"https:\/\/mathildegudefin.com\/fr\/a-propos-de-mathilde-gudefin\/\" \/>\n<meta property=\"og:locale\" content=\"fr_FR\" \/>\n<meta property=\"og:type\" content=\"article\" \/>\n<meta property=\"og:title\" content=\"Mathilde Gudefin\" \/>\n<meta property=\"og:description\" content=\"Architecte d&#039;int\u00e9rieur form\u00e9e \u00e0 l&#039;\u00c9cole Boulle, travaillant \u00e0 Berlin. Travaux prim\u00e9s et plus de 13 ans d&#039;expertise dans le domaine de la r\u00e9novation durable.\" \/>\n<meta property=\"og:url\" content=\"https:\/\/mathildegudefin.com\/fr\/a-propos-de-mathilde-gudefin\/\" \/>\n<meta property=\"og:site_name\" content=\"Mathilde Gudefin\" \/>\n<meta property=\"article:modified_time\" content=\"2026-01-20T02:16:27+00:00\" \/>\n<meta name=\"twitter:card\" content=\"summary_large_image\" \/>\n<meta name=\"twitter:label1\" content=\"Dur\u00e9e de lecture estim\u00e9e\" \/>\n\t<meta name=\"twitter:data1\" content=\"11 minutes\" \/>\n<script type=\"application\/ld+json\" class=\"yoast-schema-graph\">{\"@context\":\"https:\/\/schema.org\",\"@graph\":[{\"@type\":\"WebPage\",\"@id\":\"https:\/\/mathildegudefin.com\/fr\/a-propos-de-mathilde-gudefin\/\",\"url\":\"https:\/\/mathildegudefin.com\/fr\/a-propos-de-mathilde-gudefin\/\",\"name\":\"Mathilde Gudefin\",\"isPartOf\":{\"@id\":\"https:\/\/mathildegudefin.com\/fr\/#website\"},\"datePublished\":\"2022-03-17T20:23:56+00:00\",\"dateModified\":\"2026-01-20T02:16:27+00:00\",\"description\":\"Architecte d'int\u00e9rieur form\u00e9e \u00e0 l'\u00c9cole Boulle, travaillant \u00e0 Berlin. Travaux prim\u00e9s et plus de 13 ans d'expertise dans le domaine de la r\u00e9novation durable.\",\"breadcrumb\":{\"@id\":\"https:\/\/mathildegudefin.com\/fr\/a-propos-de-mathilde-gudefin\/#breadcrumb\"},\"inLanguage\":\"fr-FR\",\"potentialAction\":[{\"@type\":\"ReadAction\",\"target\":[\"https:\/\/mathildegudefin.com\/fr\/a-propos-de-mathilde-gudefin\/\"]}]},{\"@type\":\"BreadcrumbList\",\"@id\":\"https:\/\/mathildegudefin.com\/fr\/a-propos-de-mathilde-gudefin\/#breadcrumb\",\"itemListElement\":[{\"@type\":\"ListItem\",\"position\":1,\"name\":\"Start\",\"item\":\"https:\/\/mathildegudefin.com\/fr\/homepage-gr\/\"},{\"@type\":\"ListItem\",\"position\":2,\"name\":\"Mathilde Gudefin\"}]},{\"@type\":\"WebSite\",\"@id\":\"https:\/\/mathildegudefin.com\/fr\/#website\",\"url\":\"https:\/\/mathildegudefin.com\/fr\/\",\"name\":\"Mathilde Gudefin, Interior Design , Berlin\",\"description\":\"\",\"publisher\":{\"@id\":\"https:\/\/mathildegudefin.com\/fr\/#\/schema\/person\/0afe3265ef2090f539fcf1d1f67a62cd\"},\"potentialAction\":[{\"@type\":\"SearchAction\",\"target\":{\"@type\":\"EntryPoint\",\"urlTemplate\":\"https:\/\/mathildegudefin.com\/fr\/?s={search_term_string}\"},\"query-input\":{\"@type\":\"PropertyValueSpecification\",\"valueRequired\":true,\"valueName\":\"search_term_string\"}}],\"inLanguage\":\"fr-FR\"},{\"@type\":[\"Person\",\"Organization\"],\"@id\":\"https:\/\/mathildegudefin.com\/fr\/#\/schema\/person\/0afe3265ef2090f539fcf1d1f67a62cd\",\"name\":\"Interior Design Berlin\",\"logo\":{\"@id\":\"https:\/\/mathildegudefin.com\/fr\/#\/schema\/person\/image\/\"},\"sameAs\":[\"https:\/\/dev.mathildegudefin.com\"]}]}<\/script>\n<!-- \/ Yoast SEO plugin. -->","yoast_head_json":{"title":"Mathilde Gudefin","description":"Architecte d'int\u00e9rieur form\u00e9e \u00e0 l'\u00c9cole Boulle, travaillant \u00e0 Berlin. Travaux prim\u00e9s et plus de 13 ans d'expertise dans le domaine de la r\u00e9novation durable.","robots":{"index":"index","follow":"follow","max-snippet":"max-snippet:-1","max-image-preview":"max-image-preview:large","max-video-preview":"max-video-preview:-1"},"canonical":"https:\/\/mathildegudefin.com\/fr\/a-propos-de-mathilde-gudefin\/","og_locale":"fr_FR","og_type":"article","og_title":"Mathilde Gudefin","og_description":"Architecte d'int\u00e9rieur form\u00e9e \u00e0 l'\u00c9cole Boulle, travaillant \u00e0 Berlin. Travaux prim\u00e9s et plus de 13 ans d'expertise dans le domaine de la r\u00e9novation durable.","og_url":"https:\/\/mathildegudefin.com\/fr\/a-propos-de-mathilde-gudefin\/","og_site_name":"Mathilde Gudefin","article_modified_time":"2026-01-20T02:16:27+00:00","twitter_card":"summary_large_image","twitter_misc":{"Dur\u00e9e de lecture estim\u00e9e":"11 minutes"},"schema":{"@context":"https:\/\/schema.org","@graph":[{"@type":"WebPage","@id":"https:\/\/mathildegudefin.com\/fr\/a-propos-de-mathilde-gudefin\/","url":"https:\/\/mathildegudefin.com\/fr\/a-propos-de-mathilde-gudefin\/","name":"Mathilde Gudefin","isPartOf":{"@id":"https:\/\/mathildegudefin.com\/fr\/#website"},"datePublished":"2022-03-17T20:23:56+00:00","dateModified":"2026-01-20T02:16:27+00:00","description":"Architecte d'int\u00e9rieur form\u00e9e \u00e0 l'\u00c9cole Boulle, travaillant \u00e0 Berlin. Travaux prim\u00e9s et plus de 13 ans d'expertise dans le domaine de la r\u00e9novation durable.","breadcrumb":{"@id":"https:\/\/mathildegudefin.com\/fr\/a-propos-de-mathilde-gudefin\/#breadcrumb"},"inLanguage":"fr-FR","potentialAction":[{"@type":"ReadAction","target":["https:\/\/mathildegudefin.com\/fr\/a-propos-de-mathilde-gudefin\/"]}]},{"@type":"BreadcrumbList","@id":"https:\/\/mathildegudefin.com\/fr\/a-propos-de-mathilde-gudefin\/#breadcrumb","itemListElement":[{"@type":"ListItem","position":1,"name":"Start","item":"https:\/\/mathildegudefin.com\/fr\/homepage-gr\/"},{"@type":"ListItem","position":2,"name":"Mathilde Gudefin"}]},{"@type":"WebSite","@id":"https:\/\/mathildegudefin.com\/fr\/#website","url":"https:\/\/mathildegudefin.com\/fr\/","name":"Mathilde Gudefin, Interior Design , Berlin","description":"","publisher":{"@id":"https:\/\/mathildegudefin.com\/fr\/#\/schema\/person\/0afe3265ef2090f539fcf1d1f67a62cd"},"potentialAction":[{"@type":"SearchAction","target":{"@type":"EntryPoint","urlTemplate":"https:\/\/mathildegudefin.com\/fr\/?s={search_term_string}"},"query-input":{"@type":"PropertyValueSpecification","valueRequired":true,"valueName":"search_term_string"}}],"inLanguage":"fr-FR"},{"@type":["Person","Organization"],"@id":"https:\/\/mathildegudefin.com\/fr\/#\/schema\/person\/0afe3265ef2090f539fcf1d1f67a62cd","name":"Interior Design Berlin","logo":{"@id":"https:\/\/mathildegudefin.com\/fr\/#\/schema\/person\/image\/"},"sameAs":["https:\/\/dev.mathildegudefin.com"]}]}},"_links":{"self":[{"href":"https:\/\/mathildegudefin.com\/fr\/wp-json\/wp\/v2\/pages\/3330","targetHints":{"allow":["GET"]}}],"collection":[{"href":"https:\/\/mathildegudefin.com\/fr\/wp-json\/wp\/v2\/pages"}],"about":[{"href":"https:\/\/mathildegudefin.com\/fr\/wp-json\/wp\/v2\/types\/page"}],"author":[{"embeddable":true,"href":"https:\/\/mathildegudefin.com\/fr\/wp-json\/wp\/v2\/users\/1"}],"replies":[{"embeddable":true,"href":"https:\/\/mathildegudefin.com\/fr\/wp-json\/wp\/v2\/comments?post=3330"}],"version-history":[{"count":12,"href":"https:\/\/mathildegudefin.com\/fr\/wp-json\/wp\/v2\/pages\/3330\/revisions"}],"predecessor-version":[{"id":4343,"href":"https:\/\/mathildegudefin.com\/fr\/wp-json\/wp\/v2\/pages\/3330\/revisions\/4343"}],"wp:attachment":[{"href":"https:\/\/mathildegudefin.com\/fr\/wp-json\/wp\/v2\/media?parent=3330"}],"curies":[{"name":"wp","href":"https:\/\/api.w.org\/{rel}","templated":true}]}}