{"id":3336,"date":"2022-03-17T21:23:56","date_gmt":"2022-03-17T20:23:56","guid":{"rendered":"https:\/\/dev.mathildegudefin.com\/ueber-mathilde-gudefin-interiors\/"},"modified":"2026-01-13T14:03:42","modified_gmt":"2026-01-13T13:03:42","slug":"ueber-mathilde-gudefin-interiors","status":"publish","type":"page","link":"https:\/\/mathildegudefin.com\/de\/ueber-mathilde-gudefin-interiors\/","title":{"rendered":"Mathilde Gudefin"},"content":{"rendered":"<p><div class=\"fusion-fullwidth fullwidth-box fusion-builder-row-1 fusion-flex-container nonhundred-percent-fullwidth non-hundred-percent-height-scrolling\" style=\"--awb-border-radius-top-left:0px;--awb-border-radius-top-right:0px;--awb-border-radius-bottom-right:0px;--awb-border-radius-bottom-left:0px;--awb-flex-wrap:wrap;\" ><div class=\"fusion-builder-row fusion-row fusion-flex-align-items-flex-start fusion-flex-content-wrap\" style=\"max-width:1185.6px;margin-left: calc(-4% \/ 2 );margin-right: calc(-4% \/ 2 );\"><div class=\"fusion-layout-column fusion_builder_column fusion-builder-column-0 fusion_builder_column_1_2 1_2 fusion-flex-column fusion-flex-align-self-flex-start\" style=\"--awb-bg-blend:overlay;--awb-bg-size:cover;--awb-width-large:50%;--awb-margin-top-large:0px;--awb-spacing-right-large:3.84%;--awb-margin-bottom-large:0px;--awb-spacing-left-large:3.84%;--awb-width-medium:50%;--awb-spacing-right-medium:3.84%;--awb-spacing-left-medium:3.84%;--awb-width-small:100%;--awb-spacing-right-small:1.92%;--awb-spacing-left-small:1.92%;\"><div class=\"fusion-column-wrapper fusion-flex-justify-content-flex-start fusion-content-layout-column\"><div class=\"fusion-image-element \" style=\"--awb-caption-title-font-family:var(--h2_typography-font-family);--awb-caption-title-font-weight:var(--h2_typography-font-weight);--awb-caption-title-font-style:var(--h2_typography-font-style);--awb-caption-title-size:var(--h2_typography-font-size);--awb-caption-title-transform:var(--h2_typography-text-transform);--awb-caption-title-line-height:var(--h2_typography-line-height);--awb-caption-title-letter-spacing:var(--h2_typography-letter-spacing);\"><span class=\" fusion-imageframe imageframe-none imageframe-1 hover-type-none\"><img decoding=\"async\" width=\"709\" height=\"517\" title=\"Mathilde Gudefin\" src=\"https:\/\/mathildegudefin.com\/wp-content\/uploads\/2022\/04\/Picture_Mathilde-Gudefin-Interiors\u00a9-min.jpg\" alt class=\"img-responsive wp-image-3337\" srcset=\"https:\/\/mathildegudefin.com\/wp-content\/uploads\/2022\/04\/Picture_Mathilde-Gudefin-Interiors\u00a9-min-200x146.jpg 200w, https:\/\/mathildegudefin.com\/wp-content\/uploads\/2022\/04\/Picture_Mathilde-Gudefin-Interiors\u00a9-min-400x292.jpg 400w, https:\/\/mathildegudefin.com\/wp-content\/uploads\/2022\/04\/Picture_Mathilde-Gudefin-Interiors\u00a9-min-600x438.jpg 600w, https:\/\/mathildegudefin.com\/wp-content\/uploads\/2022\/04\/Picture_Mathilde-Gudefin-Interiors\u00a9-min.jpg 709w\" sizes=\"(max-width: 767px) 100vw, 600px\" \/><\/span><\/div><\/div><\/div><div class=\"fusion-layout-column fusion_builder_column fusion-builder-column-1 fusion_builder_column_1_2 1_2 fusion-flex-column\" style=\"--awb-bg-blend:overlay;--awb-bg-size:cover;--awb-width-large:50%;--awb-margin-top-large:0px;--awb-spacing-right-large:3.84%;--awb-margin-bottom-large:0px;--awb-spacing-left-large:3.84%;--awb-width-medium:50%;--awb-spacing-right-medium:3.84%;--awb-spacing-left-medium:3.84%;--awb-width-small:100%;--awb-spacing-right-small:1.92%;--awb-spacing-left-small:1.92%;\"><div class=\"fusion-column-wrapper fusion-flex-justify-content-flex-start fusion-content-layout-column\"><div class=\"fusion-title title fusion-title-1 fusion-sep-none fusion-title-text fusion-title-size-two\"><h2 class=\"fusion-title-heading title-heading-left fusion-responsive-typography-calculated\" style=\"margin:0;--fontSize:24;line-height:1.2;\">Profil<\/h2><\/div><div class=\"fusion-text fusion-text-1\"><p>Innenarchitektin, ausgebildet an der <a href=\"https:\/\/ecole-boulle.org\" target=\"_blank\" rel=\"noopener\">\u00c9cole Boulle<\/a> in Paris, <strong>Mathilde Gudefin <\/strong>hat ihre Berufserfahrung im B\u00fcro <a href=\"http:\/\/www.jeanphilippenuel.com\" target=\"_blank\" rel=\"noopener\">Jean-Philippe Nuel<\/a>, mit Schwerpunkt auf Luxushotels und pr\u00e4ziser Detailplanung begonnen.<\/p>\n<p>Seit 2013 t\u00e4tig in Paris und Berlin. Seit 2014 unabh\u00e4ngige Innenarchitektin in Berlin. Co-Gr\u00fcnderin von M S Studio Berlin (2017). <\/p>\n<p>Sie ist mit <a href=\"https:\/\/www.salomewackernagel.eu\" target=\"_blank\" rel=\"noopener\">Salom\u00e9 Wackernagel<\/a> Gewinnerin des <strong><a href=\"https:\/\/www.mallorcadesignday.es\/2021\/09\/25\/carolina-galvis-premio-balear-de-moda-de-la-iii-edicion-de-mallorca-design-day\/\" target=\"_blank\" rel=\"noopener\">National Award of Interior Design \u2013 Mallorca Design Day 2021<\/a><\/strong><\/p>\n<\/div><\/div><\/div><\/div><\/div><div class=\"fusion-fullwidth fullwidth-box fusion-builder-row-2 fusion-flex-container has-pattern-background has-mask-background nonhundred-percent-fullwidth non-hundred-percent-height-scrolling\" style=\"--awb-border-radius-top-left:0px;--awb-border-radius-top-right:0px;--awb-border-radius-bottom-right:0px;--awb-border-radius-bottom-left:0px;--awb-flex-wrap:wrap;\" ><div class=\"fusion-builder-row fusion-row fusion-flex-align-items-flex-start fusion-flex-justify-content-center fusion-flex-content-wrap\" style=\"max-width:1185.6px;margin-left: calc(-4% \/ 2 );margin-right: calc(-4% \/ 2 );\"><div class=\"fusion-layout-column fusion_builder_column fusion-builder-column-2 fusion_builder_column_1_2 1_2 fusion-flex-column fusion-flex-align-self-flex-start\" style=\"--awb-bg-size:cover;--awb-width-large:50%;--awb-margin-top-large:0px;--awb-spacing-right-large:3.84%;--awb-margin-bottom-large:20px;--awb-spacing-left-large:3.84%;--awb-width-medium:50%;--awb-order-medium:0;--awb-spacing-right-medium:3.84%;--awb-spacing-left-medium:3.84%;--awb-width-small:100%;--awb-order-small:0;--awb-spacing-right-small:1.92%;--awb-spacing-left-small:1.92%;\"><div class=\"fusion-column-wrapper fusion-column-has-shadow fusion-flex-justify-content-center fusion-content-layout-column\"><div class=\"fusion-separator\" style=\"align-self: center;margin-left: auto;margin-right: auto;margin-top:75px;margin-bottom:75px;width:100%;max-width:25vw;\"><div class=\"fusion-separator-border sep-single sep-solid\" style=\"--awb-height:20px;--awb-amount:20px;--awb-sep-color:var(--awb-color6);border-color:var(--awb-color6);border-top-width:1px;\"><\/div><\/div><div class=\"fusion-image-element \" style=\"text-align:center;--awb-max-width:80px;--awb-caption-title-font-family:var(--h2_typography-font-family);--awb-caption-title-font-weight:var(--h2_typography-font-weight);--awb-caption-title-font-style:var(--h2_typography-font-style);--awb-caption-title-size:var(--h2_typography-font-size);--awb-caption-title-transform:var(--h2_typography-text-transform);--awb-caption-title-line-height:var(--h2_typography-line-height);--awb-caption-title-letter-spacing:var(--h2_typography-letter-spacing);\"><span class=\" fusion-imageframe imageframe-none imageframe-2 hover-type-none\"><img decoding=\"async\" width=\"446\" height=\"848\" title=\"\u00c8cole Boulle\" src=\"https:\/\/mathildegudefin.com\/wp-content\/uploads\/2025\/12\/ecole-boulle.jpg\" alt class=\"img-responsive wp-image-3593\" srcset=\"https:\/\/mathildegudefin.com\/wp-content\/uploads\/2025\/12\/ecole-boulle-200x380.jpg 200w, https:\/\/mathildegudefin.com\/wp-content\/uploads\/2025\/12\/ecole-boulle-400x761.jpg 400w, https:\/\/mathildegudefin.com\/wp-content\/uploads\/2025\/12\/ecole-boulle.jpg 446w\" sizes=\"(max-width: 767px) 100vw, 446px\" \/><\/span><\/div><div class=\"fusion-separator\" style=\"align-self: center;margin-left: auto;margin-right: auto;margin-top:75px;margin-bottom:50px;width:100%;max-width:25vw;\"><div class=\"fusion-separator-border sep-single sep-solid\" style=\"--awb-height:20px;--awb-amount:20px;--awb-sep-color:var(--awb-color6);border-color:var(--awb-color6);border-top-width:1px;\"><\/div><\/div><div class=\"fusion-title title fusion-title-2 fusion-sep-none fusion-title-center fusion-title-text fusion-title-size-two\"><h2 class=\"fusion-title-heading title-heading-center fusion-responsive-typography-calculated\" style=\"margin:0;--fontSize:24;line-height:1.2;\">Arbeitsweise<\/h2><\/div><div class=\"fusion-text fusion-text-2\" style=\"--awb-content-alignment:center;\"><p>Mit mehr als 13 Jahre Erfahrung in Renovierung, Umbau und Innenarchitektur entsteht jedes Projekt in engem Dialog mit den Auftraggebern \u2013 individuell, pers\u00f6nlich, ortsbezogen. Das Ziel: R\u00e4ume schaffen, die Charakter ausdr\u00fccken und langfristig Freude bereiten \u2013 mit hochwertigen Materialien, klaren Konzepten und einer zeitlosen Gestaltung. <\/p>\n<p>&nbsp;<\/p>\n<\/div><div class=\"fusion-separator\" style=\"align-self: center;margin-left: auto;margin-right: auto;margin-top:75px;margin-bottom:75px;width:100%;max-width:25vw;\"><div class=\"fusion-separator-border sep-single sep-solid\" style=\"--awb-height:20px;--awb-amount:20px;--awb-sep-color:var(--awb-color6);border-color:var(--awb-color6);border-top-width:1px;\"><\/div><\/div><div class=\"fusion-image-element \" style=\"text-align:center;--awb-max-width:120px;--awb-caption-title-font-family:var(--h2_typography-font-family);--awb-caption-title-font-weight:var(--h2_typography-font-weight);--awb-caption-title-font-style:var(--h2_typography-font-style);--awb-caption-title-size:var(--h2_typography-font-size);--awb-caption-title-transform:var(--h2_typography-text-transform);--awb-caption-title-line-height:var(--h2_typography-line-height);--awb-caption-title-letter-spacing:var(--h2_typography-letter-spacing);\"><span class=\" fusion-imageframe imageframe-none imageframe-3 hover-type-none\"><img decoding=\"async\" width=\"180\" height=\"180\" title=\"CFAI\" src=\"https:\/\/mathildegudefin.com\/wp-content\/uploads\/2025\/12\/cfai.jpg\" alt class=\"img-responsive wp-image-3594\" srcset=\"https:\/\/mathildegudefin.com\/wp-content\/uploads\/2025\/12\/cfai-66x66.jpg 66w, https:\/\/mathildegudefin.com\/wp-content\/uploads\/2025\/12\/cfai-150x150.jpg 150w, https:\/\/mathildegudefin.com\/wp-content\/uploads\/2025\/12\/cfai.jpg 180w\" sizes=\"(max-width: 180px) 100vw, 180px\" \/><\/span><\/div><div class=\"fusion-separator\" style=\"align-self: center;margin-left: auto;margin-right: auto;margin-top:75px;margin-bottom:50px;width:100%;max-width:25vw;\"><div class=\"fusion-separator-border sep-single sep-solid\" style=\"--awb-height:20px;--awb-amount:20px;--awb-sep-color:var(--awb-color6);border-color:var(--awb-color6);border-top-width:1px;\"><\/div><\/div><div class=\"fusion-title title fusion-title-3 fusion-sep-none fusion-title-center fusion-title-text fusion-title-size-two\"><h2 class=\"fusion-title-heading title-heading-center fusion-responsive-typography-calculated\" style=\"margin:0;--fontSize:24;line-height:1.2;\">Auszeichnungen<\/h2><\/div><div class=\"fusion-text fusion-text-3\" style=\"--awb-content-alignment:center;\"><p>National Award of Interior Design for the <a style=\"letter-spacing: 0.24px; background-color: rgba(0, 0, 0, 0);\" href=\"https:\/\/www.mallorcadesignday.es\/2021\/09\/25\/carolina-galvis-premio-balear-de-moda-de-la-iii-edicion-de-mallorca-design-day\/\" target=\"_blank\" rel=\"noopener\">Mallorca Design Day<\/a> with the project La Marinella, September 2021<\/p>\n<p><a href=\"https:\/\/www.comitecolbert.com\/\" target=\"_blank\" rel=\"noopener\">Comit\u00e9 Colbert<\/a> \u2013 Preis Espoirs de la Cr\u00e9ation f\u00fcr <a href=\"https:\/\/france.yvesdelorme.com\/\" target=\"_blank\" rel=\"noopener\">Yves Delorme<\/a>, 2008<\/p>\n<p>&nbsp;<\/p>\n<\/div><\/div><\/div><div class=\"fusion-layout-column fusion_builder_column fusion-builder-column-3 fusion_builder_column_2_3 2_3 fusion-flex-column\" style=\"--awb-padding-top:2px;--awb-padding-bottom:2px;--awb-bg-size:cover;--awb-width-large:66.666666666667%;--awb-margin-top-large:0px;--awb-spacing-right-large:2.88%;--awb-margin-bottom-large:20px;--awb-spacing-left-large:2.88%;--awb-width-medium:66.666666666667%;--awb-order-medium:0;--awb-spacing-right-medium:2.88%;--awb-spacing-left-medium:2.88%;--awb-width-small:100%;--awb-order-small:0;--awb-spacing-right-small:1.92%;--awb-spacing-left-small:1.92%;\" data-scroll-devices=\"small-visibility,medium-visibility,large-visibility\"><div class=\"fusion-column-wrapper fusion-column-has-shadow fusion-flex-justify-content-flex-start fusion-content-layout-column\"><div class=\"fusion-video fusion-selfhosted-video mg-video\" style=\"max-width:1920;\"><div class=\"video-wrapper\" style=\"border-radius:25px 25px 25px 25px;\"><video playsinline=\"true\" width=\"100%\" style=\"object-fit: cover;\" muted=\"true\" loop=\"true\" poster=\"https:\/\/mathildegudefin.com\/wp-content\/uploads\/2026\/01\/mg-studio-la-marinella-1920x800_pi.jpg\" preload=\"auto\" controls=\"1\"><source src=\"https:\/\/mathildegudefin.com\/wp-content\/uploads\/video\/mg-studio-la-marinella-1920x800.mp4\" type=\"video\/mp4\">Sorry, your browser doesn&#039;t support embedded videos.<\/video><\/div><\/div><\/div><\/div><\/div><\/div><\/p>\n","protected":false},"excerpt":{"rendered":"","protected":false},"author":1,"featured_media":0,"parent":0,"menu_order":0,"comment_status":"closed","ping_status":"closed","template":"","meta":{"_acf_changed":false,"footnotes":""},"class_list":["post-3336","page","type-page","status-publish","hentry"],"acf":[],"yoast_head":"<!-- This site is optimized with the Yoast SEO plugin v26.9 - https:\/\/yoast.com\/product\/yoast-seo-wordpress\/ -->\n<title>Mathilde Gudefin<\/title>\n<meta name=\"description\" content=\"Innenarchitektin, ausgebildet an der \u00c9cole Boulle in Paris, t\u00e4tig in Berlin. Preisgekr\u00f6nte Arbeiten und \u00fcber 13 Jahre Erfahrung im Bereich nachhaltiger Renovierungen.\" \/>\n<meta name=\"robots\" content=\"index, follow, max-snippet:-1, max-image-preview:large, max-video-preview:-1\" \/>\n<link rel=\"canonical\" href=\"https:\/\/mathildegudefin.com\/de\/ueber-mathilde-gudefin-interiors\/\" \/>\n<meta property=\"og:locale\" content=\"de_DE\" \/>\n<meta property=\"og:type\" content=\"article\" \/>\n<meta property=\"og:title\" content=\"Mathilde Gudefin\" \/>\n<meta property=\"og:description\" content=\"Innenarchitektin, ausgebildet an der \u00c9cole Boulle in Paris, t\u00e4tig in Berlin. Preisgekr\u00f6nte Arbeiten und \u00fcber 13 Jahre Erfahrung im Bereich nachhaltiger Renovierungen.\" \/>\n<meta property=\"og:url\" content=\"https:\/\/mathildegudefin.com\/de\/ueber-mathilde-gudefin-interiors\/\" \/>\n<meta property=\"og:site_name\" content=\"Mathilde Gudefin\" \/>\n<meta property=\"article:modified_time\" content=\"2026-01-13T13:03:42+00:00\" \/>\n<meta name=\"twitter:card\" content=\"summary_large_image\" \/>\n<meta name=\"twitter:label1\" content=\"Gesch\u00e4tzte Lesezeit\" \/>\n\t<meta name=\"twitter:data1\" content=\"11\u00a0Minuten\" \/>\n<script type=\"application\/ld+json\" class=\"yoast-schema-graph\">{\"@context\":\"https:\/\/schema.org\",\"@graph\":[{\"@type\":\"WebPage\",\"@id\":\"https:\/\/mathildegudefin.com\/de\/ueber-mathilde-gudefin-interiors\/\",\"url\":\"https:\/\/mathildegudefin.com\/de\/ueber-mathilde-gudefin-interiors\/\",\"name\":\"Mathilde Gudefin\",\"isPartOf\":{\"@id\":\"https:\/\/mathildegudefin.com\/de\/#website\"},\"datePublished\":\"2022-03-17T20:23:56+00:00\",\"dateModified\":\"2026-01-13T13:03:42+00:00\",\"description\":\"Innenarchitektin, ausgebildet an der \u00c9cole Boulle in Paris, t\u00e4tig in Berlin. Preisgekr\u00f6nte Arbeiten und \u00fcber 13 Jahre Erfahrung im Bereich nachhaltiger Renovierungen.\",\"breadcrumb\":{\"@id\":\"https:\/\/mathildegudefin.com\/de\/ueber-mathilde-gudefin-interiors\/#breadcrumb\"},\"inLanguage\":\"de\",\"potentialAction\":[{\"@type\":\"ReadAction\",\"target\":[\"https:\/\/mathildegudefin.com\/de\/ueber-mathilde-gudefin-interiors\/\"]}]},{\"@type\":\"BreadcrumbList\",\"@id\":\"https:\/\/mathildegudefin.com\/de\/ueber-mathilde-gudefin-interiors\/#breadcrumb\",\"itemListElement\":[{\"@type\":\"ListItem\",\"position\":1,\"name\":\"Start\",\"item\":\"https:\/\/mathildegudefin.com\/de\/homepage-gr\/\"},{\"@type\":\"ListItem\",\"position\":2,\"name\":\"Mathilde Gudefin\"}]},{\"@type\":\"WebSite\",\"@id\":\"https:\/\/mathildegudefin.com\/de\/#website\",\"url\":\"https:\/\/mathildegudefin.com\/de\/\",\"name\":\"Mathilde Gudefin, Interior Design , Berlin\",\"description\":\"\",\"publisher\":{\"@id\":\"https:\/\/mathildegudefin.com\/de\/#\/schema\/person\/0afe3265ef2090f539fcf1d1f67a62cd\"},\"potentialAction\":[{\"@type\":\"SearchAction\",\"target\":{\"@type\":\"EntryPoint\",\"urlTemplate\":\"https:\/\/mathildegudefin.com\/de\/?s={search_term_string}\"},\"query-input\":{\"@type\":\"PropertyValueSpecification\",\"valueRequired\":true,\"valueName\":\"search_term_string\"}}],\"inLanguage\":\"de\"},{\"@type\":[\"Person\",\"Organization\"],\"@id\":\"https:\/\/mathildegudefin.com\/de\/#\/schema\/person\/0afe3265ef2090f539fcf1d1f67a62cd\",\"name\":\"Interior Design Berlin\",\"logo\":{\"@id\":\"https:\/\/mathildegudefin.com\/de\/#\/schema\/person\/image\/\"},\"sameAs\":[\"https:\/\/dev.mathildegudefin.com\"]}]}<\/script>\n<!-- \/ Yoast SEO plugin. -->","yoast_head_json":{"title":"Mathilde Gudefin","description":"Innenarchitektin, ausgebildet an der \u00c9cole Boulle in Paris, t\u00e4tig in Berlin. Preisgekr\u00f6nte Arbeiten und \u00fcber 13 Jahre Erfahrung im Bereich nachhaltiger Renovierungen.","robots":{"index":"index","follow":"follow","max-snippet":"max-snippet:-1","max-image-preview":"max-image-preview:large","max-video-preview":"max-video-preview:-1"},"canonical":"https:\/\/mathildegudefin.com\/de\/ueber-mathilde-gudefin-interiors\/","og_locale":"de_DE","og_type":"article","og_title":"Mathilde Gudefin","og_description":"Innenarchitektin, ausgebildet an der \u00c9cole Boulle in Paris, t\u00e4tig in Berlin. Preisgekr\u00f6nte Arbeiten und \u00fcber 13 Jahre Erfahrung im Bereich nachhaltiger Renovierungen.","og_url":"https:\/\/mathildegudefin.com\/de\/ueber-mathilde-gudefin-interiors\/","og_site_name":"Mathilde Gudefin","article_modified_time":"2026-01-13T13:03:42+00:00","twitter_card":"summary_large_image","twitter_misc":{"Gesch\u00e4tzte Lesezeit":"11\u00a0Minuten"},"schema":{"@context":"https:\/\/schema.org","@graph":[{"@type":"WebPage","@id":"https:\/\/mathildegudefin.com\/de\/ueber-mathilde-gudefin-interiors\/","url":"https:\/\/mathildegudefin.com\/de\/ueber-mathilde-gudefin-interiors\/","name":"Mathilde Gudefin","isPartOf":{"@id":"https:\/\/mathildegudefin.com\/de\/#website"},"datePublished":"2022-03-17T20:23:56+00:00","dateModified":"2026-01-13T13:03:42+00:00","description":"Innenarchitektin, ausgebildet an der \u00c9cole Boulle in Paris, t\u00e4tig in Berlin. Preisgekr\u00f6nte Arbeiten und \u00fcber 13 Jahre Erfahrung im Bereich nachhaltiger Renovierungen.","breadcrumb":{"@id":"https:\/\/mathildegudefin.com\/de\/ueber-mathilde-gudefin-interiors\/#breadcrumb"},"inLanguage":"de","potentialAction":[{"@type":"ReadAction","target":["https:\/\/mathildegudefin.com\/de\/ueber-mathilde-gudefin-interiors\/"]}]},{"@type":"BreadcrumbList","@id":"https:\/\/mathildegudefin.com\/de\/ueber-mathilde-gudefin-interiors\/#breadcrumb","itemListElement":[{"@type":"ListItem","position":1,"name":"Start","item":"https:\/\/mathildegudefin.com\/de\/homepage-gr\/"},{"@type":"ListItem","position":2,"name":"Mathilde Gudefin"}]},{"@type":"WebSite","@id":"https:\/\/mathildegudefin.com\/de\/#website","url":"https:\/\/mathildegudefin.com\/de\/","name":"Mathilde Gudefin, Interior Design , Berlin","description":"","publisher":{"@id":"https:\/\/mathildegudefin.com\/de\/#\/schema\/person\/0afe3265ef2090f539fcf1d1f67a62cd"},"potentialAction":[{"@type":"SearchAction","target":{"@type":"EntryPoint","urlTemplate":"https:\/\/mathildegudefin.com\/de\/?s={search_term_string}"},"query-input":{"@type":"PropertyValueSpecification","valueRequired":true,"valueName":"search_term_string"}}],"inLanguage":"de"},{"@type":["Person","Organization"],"@id":"https:\/\/mathildegudefin.com\/de\/#\/schema\/person\/0afe3265ef2090f539fcf1d1f67a62cd","name":"Interior Design Berlin","logo":{"@id":"https:\/\/mathildegudefin.com\/de\/#\/schema\/person\/image\/"},"sameAs":["https:\/\/dev.mathildegudefin.com"]}]}},"_links":{"self":[{"href":"https:\/\/mathildegudefin.com\/de\/wp-json\/wp\/v2\/pages\/3336","targetHints":{"allow":["GET"]}}],"collection":[{"href":"https:\/\/mathildegudefin.com\/de\/wp-json\/wp\/v2\/pages"}],"about":[{"href":"https:\/\/mathildegudefin.com\/de\/wp-json\/wp\/v2\/types\/page"}],"author":[{"embeddable":true,"href":"https:\/\/mathildegudefin.com\/de\/wp-json\/wp\/v2\/users\/1"}],"replies":[{"embeddable":true,"href":"https:\/\/mathildegudefin.com\/de\/wp-json\/wp\/v2\/comments?post=3336"}],"version-history":[{"count":27,"href":"https:\/\/mathildegudefin.com\/de\/wp-json\/wp\/v2\/pages\/3336\/revisions"}],"predecessor-version":[{"id":4308,"href":"https:\/\/mathildegudefin.com\/de\/wp-json\/wp\/v2\/pages\/3336\/revisions\/4308"}],"wp:attachment":[{"href":"https:\/\/mathildegudefin.com\/de\/wp-json\/wp\/v2\/media?parent=3336"}],"curies":[{"name":"wp","href":"https:\/\/api.w.org\/{rel}","templated":true}]}}